{"id":7,"date":"2011-07-14T19:45:42","date_gmt":"2011-07-14T19:45:42","guid":{"rendered":"http:\/\/your_website_url_here\/?page_id=7"},"modified":"2014-01-30T09:29:23","modified_gmt":"2014-01-30T07:29:23","slug":"features","status":"publish","type":"page","link":"https:\/\/www.studiofavero.com\/?page_id=7","title":{"rendered":"Servizi"},"content":{"rendered":"<div class=\"grid_24 \"><ul class=\"recent-posts services\"><li class=\"entry\"><h2><a href=\"https:\/\/www.studiofavero.com\/?services=project-mangement\" title=\"Project Management\">Project Management<\/a><\/h2><figure class=\"featured-thumbnail\"><a href=\"https:\/\/www.studiofavero.com\/?services=project-mangement\" title=\"Project Management\"><img decoding=\"async\"  src=\"https:\/\/www.studiofavero.com\/wp-content\/uploads\/2011\/07\/slide-13-270x131.jpg\"\/><\/a><\/figure><div class=\"excerpt\">La gestione di progetti complessi richiede risorse e competenze specifiche. Il nostro studio dispone delle professionalit\u00e0 e delle competenze per gestire progetti... <\/div><a href=\"https:\/\/www.studiofavero.com\/?services=project-mangement\" class=\"button\" title=\"Project Management\">Read More<span class=\"button-marker\"><\/span><\/a><div class=\"clear\"><\/div><\/li><!-- .entry (end) --><li class=\"entry\"><h2><a href=\"https:\/\/www.studiofavero.com\/?services=consulenza\" title=\"Consulenza di Direzione\">Consulenza di Direzione<\/a><\/h2><figure class=\"featured-thumbnail\"><a href=\"https:\/\/www.studiofavero.com\/?services=consulenza\" title=\"Consulenza di Direzione\"><img decoding=\"async\"  src=\"https:\/\/www.studiofavero.com\/wp-content\/uploads\/2011\/07\/slide-12-270x131.jpg\"\/><\/a><\/figure><div class=\"excerpt\">Le scelte aziendali sono sempre pi\u00f9 complesse e determinanti per il successo dell&#8217;impresa. Per questo mettiamo la nostra competenza ed esperienza a... <\/div><a href=\"https:\/\/www.studiofavero.com\/?services=consulenza\" class=\"button\" title=\"Consulenza di Direzione\">Read More<span class=\"button-marker\"><\/span><\/a><div class=\"clear\"><\/div><\/li><!-- .entry (end) --><li class=\"entry\"><h2><a href=\"https:\/\/www.studiofavero.com\/?services=organizzazione-aziendale\" title=\"Organizzazione Aziendale\">Organizzazione Aziendale<\/a><\/h2><figure class=\"featured-thumbnail\"><a href=\"https:\/\/www.studiofavero.com\/?services=organizzazione-aziendale\" title=\"Organizzazione Aziendale\"><img decoding=\"async\"  src=\"https:\/\/www.studiofavero.com\/wp-content\/uploads\/2011\/07\/slide-15-270x131.jpg\"\/><\/a><\/figure><div class=\"excerpt\">L&#8217;organizzazione di un azienda \u00e8 strettamente legata alla tipologia della stessa, al settore nel quale opera e deve essere studiata e finalizzata... <\/div><a href=\"https:\/\/www.studiofavero.com\/?services=organizzazione-aziendale\" class=\"button\" title=\"Organizzazione Aziendale\">Read More<span class=\"button-marker\"><\/span><\/a><div class=\"clear\"><\/div><\/li><!-- .entry (end) --><\/ul><!-- .recent-posts (end) --><\/div>\n<div class=\"clear\"><\/div><div class=\"hr\"><!-- --><\/div>\n<div class=\"grid_7 \"><h2>Servizi<\/h2>\n<div class=\"widget\">\n<ul>\n<li><a href=\"#\">Check- up aziendale<\/a><\/li>\n<li><a href=\"#\">Analisi del processo produttivo e definizione del metodo ottimale di rilevazione dei costi.<\/a><\/li>\n<li><a href=\"#\">Predisposizione del piano per la contabilit\u00e0 analitica.<\/a><\/li>\n<li><a href=\"#\">Analisi della struttura organizzativa.<\/a><\/li>\n<li><a href=\"#\">Integrazione del sistema di raccolta dati per la rilevazione\/controllo dei costi, sistema qualit\u00e0 e dati commerciali. Applicazioni di Data Ware Housing.<\/a><\/li>\n<li><a href=\"#\">Implementazione di tecniche di management AMB (Activity Based Management) e MBO<\/a><\/li>\n<li><a href=\"#\">Selezione e valutazione personale<\/a><\/li>\n<li><a href=\"#\">Analisi contesto competitivo; analisi posizionamento dell\u2019azienda e verifica redditivit\u00e0 prodotti\/linee di prodotti.<\/a><\/li>\n<li><a href=\"#\">Studi di fattibilit\u00e0 per la realizzazione di joint venture in Italia e all\u2019estero anche nell\u2019ambito di progetti CEE.<\/a><\/li>\n<\/ul>\n<\/div><\/div>\n<div class=\"grid_16  prefix_1\"><h2>Interventi operativi:<\/h2>\n<div class=\"grid_7  alpha\"><p><strong>Controllo di Gestione<\/strong> &#8211; Progettazione, implementazione e miglioramento del sistema di controllo di gestione \u2013 dalla definizione delle linee strategiche generali alla definizione del budget e al successivo controllo, analisi degli scostamenti, individuazione delle cause e attivazione dei correttivi..<\/p>\n<p><strong>Sistema Informativo<\/strong> &#8211; Analisi del sistema informativo; progettazione di sistemi, reti e definizione delle specifiche del software in funzione delle esigenze aziendali. \u2013 Supporto nella scelta del fornitore e coordinamento del progetto.<\/p>\n<p><span style=\"color: #000000;\"><b>Logistica avanzata<\/b><\/span> &#8211; Analisi dei flussi dei materiali, mappatura dei magazzini, definizione delle procedure, selezione software e hardware. Gestione completa del progetto e assistenza fino alla conclusione del progetto.<\/p>\n<p><span><b>\u00a0<\/b><\/span><\/p><\/div>\n<div class=\"grid_7  prefix_1\"><p><span style=\"color: #000000;\"><b>Mappatura magazzini e analisi dei flussi<\/b><\/span>. Affianchiamo i nostri clienti nella definizione della mappatura del magazzino e nella definizione dei percorsi di prelievo.<\/p>\n<p><span style=\"color: #000000;\"><b>Analisi dei carichi di lavoro\u00a0<\/b><\/span>&#8211; Per rendere pi\u00f9 snella ed efficiente una organizzazione \u00e8 necessario individuare con precisione le attivit\u00e0 che vengono svolte e \u00a0valutare non solo \u00a0 come le attivit\u00e0 contribuiscono a generare valore aggiunto ma anche \u00a0come sono distribuite tra il personale.<\/p>\n<p><span><b>Analisi e interpretazione dei dati \u00a0<\/b><\/span>&#8211; Qualsiasi decisione o intervento presuppongono la disponibilit\u00e0 di dati significativi e correttamente letti ed interpretati. Disponiamo di competenze e esperienza in tema di data warehouse e business intelligence necessarie per verificare gli strumenti e i metodi di analisi utilizzati o di progettare e sviluppare soluzioni dedicate.<\/p>\n<p><span style=\"color: #000000;\"><b>Certificazione ISO\/marcatura CE<\/b><\/span>\u00a0&#8211; Assistiamo le aziende in progetti finalizzati al conseguimento della certificazione di qualit\u00e0, della \u00a0certificazione del sistema di rintracciabilit\u00e0 o per il conseguimento della autorizzazione alla marcatura CE soprattutto in riferimento alla direttiva 97\/23 EC (P.E.D).<\/p><\/div>\n<div class=\"clear\"><\/div><\/div>\n<div class=\"clear\"><\/div>\n","protected":false},"excerpt":{"rendered":"","protected":false},"author":1,"featured_media":0,"parent":0,"menu_order":3,"comment_status":"open","ping_status":"closed","template":"page-fullwidth.php","meta":{"footnotes":""},"class_list":["post-7","page","type-page","status-publish","hentry"],"_links":{"self":[{"href":"https:\/\/www.studiofavero.com\/index.php?rest_route=\/wp\/v2\/pages\/7","targetHints":{"allow":["GET"]}}],"collection":[{"href":"https:\/\/www.studiofavero.com\/index.php?rest_route=\/wp\/v2\/pages"}],"about":[{"href":"https:\/\/www.studiofavero.com\/index.php?rest_route=\/wp\/v2\/types\/page"}],"author":[{"embeddable":true,"href":"https:\/\/www.studiofavero.com\/index.php?rest_route=\/wp\/v2\/users\/1"}],"replies":[{"embeddable":true,"href":"https:\/\/www.studiofavero.com\/index.php?rest_route=%2Fwp%2Fv2%2Fcomments&post=7"}],"version-history":[{"count":51,"href":"https:\/\/www.studiofavero.com\/index.php?rest_route=\/wp\/v2\/pages\/7\/revisions"}],"predecessor-version":[{"id":545,"href":"https:\/\/www.studiofavero.com\/index.php?rest_route=\/wp\/v2\/pages\/7\/revisions\/545"}],"wp:attachment":[{"href":"https:\/\/www.studiofavero.com\/index.php?rest_route=%2Fwp%2Fv2%2Fmedia&parent=7"}],"curies":[{"name":"wp","href":"https:\/\/api.w.org\/{rel}","templated":true}]}}